{"id":13492,"date":"2023-02-21T08:03:49","date_gmt":"2023-02-21T08:03:49","guid":{"rendered":"https:\/\/paninella.md\/?post_type=product&#038;p=13492"},"modified":"2025-11-14T15:56:17","modified_gmt":"2025-11-14T15:56:17","slug":"piinea-taranului-cu-adaos-de-tarite-035kg","status":"publish","type":"product","link":"https:\/\/paninella.md\/en\/produs\/piinea-taranului-cu-adaos-de-tarite-035kg\/","title":{"rendered":"P\u00eeinea &#8220;\u021a\u0103ranului&#8221; cu adaos de t\u0103r\u00ee\u021be 0,35kg"},"content":{"rendered":"","protected":false},"excerpt":{"rendered":"","protected":false},"featured_media":0,"comment_status":"open","ping_status":"closed","template":"","meta":[],"product_brand":[],"product_cat":[62],"product_tag":[],"class_list":{"0":"post-13492","1":"product","2":"type-product","3":"status-publish","5":"product_cat-panificatie","7":"first","8":"instock","9":"shipping-taxable","10":"purchasable","11":"product-type-simple"},"_links":{"self":[{"href":"https:\/\/paninella.md\/en\/wp-json\/wp\/v2\/product\/13492","targetHints":{"allow":["GET"]}}],"collection":[{"href":"https:\/\/paninella.md\/en\/wp-json\/wp\/v2\/product"}],"about":[{"href":"https:\/\/paninella.md\/en\/wp-json\/wp\/v2\/types\/product"}],"replies":[{"embeddable":true,"href":"https:\/\/paninella.md\/en\/wp-json\/wp\/v2\/comments?post=13492"}],"wp:attachment":[{"href":"https:\/\/paninella.md\/en\/wp-json\/wp\/v2\/media?parent=13492"}],"wp:term":[{"taxonomy":"product_brand","embeddable":true,"href":"https:\/\/paninella.md\/en\/wp-json\/wp\/v2\/product_brand?post=13492"},{"taxonomy":"product_cat","embeddable":true,"href":"https:\/\/paninella.md\/en\/wp-json\/wp\/v2\/product_cat?post=13492"},{"taxonomy":"product_tag","embeddable":true,"href":"https:\/\/paninella.md\/en\/wp-json\/wp\/v2\/product_tag?post=13492"}],"curies":[{"name":"wp","href":"https:\/\/api.w.org\/{rel}","templated":true}]}}